{"id":81,"date":"2025-11-10T16:21:02","date_gmt":"2025-11-10T16:21:02","guid":{"rendered":"http:\/\/operationlasertag.fr\/?page_id=81"},"modified":"2026-02-25T12:32:51","modified_gmt":"2026-02-25T12:32:51","slug":"a-propos-2","status":"publish","type":"page","link":"https:\/\/operationlasertag.fr\/index.php\/a-propos-2\/","title":{"rendered":"A propos"},"content":{"rendered":"\n<div class=\"wp-block-columns alignwide is-layout-flex wp-container-core-columns-is-layout-0b577f17 wp-block-columns-is-layout-flex\" style=\"padding-top:0;padding-right:0;padding-bottom:0;padding-left:0\">\n<div class=\"wp-block-column is-vertically-aligned-center is-layout-flow wp-block-column-is-layout-flow\">\n<h3 class=\"wp-block-heading\">Op\u00e9ration Laser Tag<\/h3>\n\n\n\n<p>Bonjour, <\/p>\n\n\n\n<p>Je m&rsquo;appelle <strong>Elouan<\/strong>, j&rsquo;ai repris l&rsquo;entreprise familiale de <strong>Laser Game \u00e0 domicile<\/strong> il y a 5 ans.<\/p>\n\n\n\n<p>J&rsquo;ai \u00e0 coeur de faire vivre aux participants des exp\u00e9riences m\u00e9morables et fun <strong>chez vous ou \u00e0 proximit\u00e9 <\/strong>(parcs, bois&#8230;).<\/p>\n\n\n\n<p>En reprenant cette activit\u00e9, j\u2019ai voulu conserver <strong>l\u2019esprit familial et convivial<\/strong> qui a toujours fait la force de notre entreprise, tout en y apportant une touche de modernit\u00e9 : nouveaux \u00e9quipements et une organisation sur mesure pour tous les publics (particuliers, entreprises..).<\/p>\n\n\n\n<p>Mon objectif est simple : vous faire d\u00e9couvrir ou red\u00e9couvrir le plaisir du Laser Game autrement, dans un <strong>cadre naturel<\/strong>, avec une ambiance dynamique et bienveillante.<\/p>\n\n\n\n<div class=\"wp-block-buttons is-layout-flex wp-block-buttons-is-layout-flex\">\n<div class=\"wp-block-button\"><a class=\"wp-block-button__link has-white-color has-accent-background-color has-text-color has-background has-link-color wp-element-button\" href=\"http:\/\/operationlasertag.fr\/index.php\/sample-page\/\"><strong>D<\/strong>\u00e9couvrir le concept<\/a><\/div>\n<\/div>\n<\/div>\n\n\n\n<div class=\"wp-block-column is-layout-flow wp-block-column-is-layout-flow\" style=\"flex-basis:40%\">\n<figure class=\"wp-block-image size-large\"><img loading=\"lazy\" decoding=\"async\" width=\"768\" height=\"1024\" src=\"https:\/\/operationlasertag.fr\/wp-content\/uploads\/2026\/02\/Design-sans-titre-2-768x1024.png\" alt=\"\" class=\"wp-image-180\" srcset=\"https:\/\/operationlasertag.fr\/wp-content\/uploads\/2026\/02\/Design-sans-titre-2-768x1024.png 768w, https:\/\/operationlasertag.fr\/wp-content\/uploads\/2026\/02\/Design-sans-titre-2-225x300.png 225w, https:\/\/operationlasertag.fr\/wp-content\/uploads\/2026\/02\/Design-sans-titre-2-1152x1536.png 1152w, https:\/\/operationlasertag.fr\/wp-content\/uploads\/2026\/02\/Design-sans-titre-2.png 1536w\" sizes=\"auto, (max-width: 768px) 100vw, 768px\" \/><\/figure>\n<\/div>\n<\/div>\n","protected":false},"excerpt":{"rendered":"<p>Op\u00e9ration Laser Tag Bonjour, Je m&rsquo;appelle Elouan, j&rsquo;ai repris l&rsquo;entreprise familiale de Laser Game \u00e0 domicile il y a 5 ans. J&rsquo;ai \u00e0 coeur de faire vivre aux participants des exp\u00e9riences m\u00e9morables et fun chez vous ou \u00e0 proximit\u00e9 (parcs, bois&#8230;). En reprenant cette activit\u00e9, j\u2019ai voulu conserver l\u2019esprit familial [&hellip;]<\/p>\n","protected":false},"author":1,"featured_media":0,"parent":0,"menu_order":0,"comment_status":"closed","ping_status":"closed","template":"","meta":{"footnotes":""},"class_list":["post-81","page","type-page","status-publish","hentry"],"_links":{"self":[{"href":"https:\/\/operationlasertag.fr\/index.php\/wp-json\/wp\/v2\/pages\/81","targetHints":{"allow":["GET"]}}],"collection":[{"href":"https:\/\/operationlasertag.fr\/index.php\/wp-json\/wp\/v2\/pages"}],"about":[{"href":"https:\/\/operationlasertag.fr\/index.php\/wp-json\/wp\/v2\/types\/page"}],"author":[{"embeddable":true,"href":"https:\/\/operationlasertag.fr\/index.php\/wp-json\/wp\/v2\/users\/1"}],"replies":[{"embeddable":true,"href":"https:\/\/operationlasertag.fr\/index.php\/wp-json\/wp\/v2\/comments?post=81"}],"version-history":[{"count":12,"href":"https:\/\/operationlasertag.fr\/index.php\/wp-json\/wp\/v2\/pages\/81\/revisions"}],"predecessor-version":[{"id":182,"href":"https:\/\/operationlasertag.fr\/index.php\/wp-json\/wp\/v2\/pages\/81\/revisions\/182"}],"wp:attachment":[{"href":"https:\/\/operationlasertag.fr\/index.php\/wp-json\/wp\/v2\/media?parent=81"}],"curies":[{"name":"wp","href":"https:\/\/api.w.org\/{rel}","templated":true}]}}