{"id":55,"date":"2025-11-01T14:41:05","date_gmt":"2025-11-01T14:41:05","guid":{"rendered":"http:\/\/operationlasertag.fr\/?page_id=55"},"modified":"2026-03-12T19:50:19","modified_gmt":"2026-03-12T19:50:19","slug":"actualites","status":"publish","type":"page","link":"https:\/\/operationlasertag.fr\/index.php\/actualites\/","title":{"rendered":"Actualit\u00e9s"},"content":{"rendered":"\n<div class=\"wp-block-query is-layout-flow wp-block-query-is-layout-flow\"><ul class=\"wp-block-post-template is-layout-flow wp-block-post-template-is-layout-flow\"><li class=\"wp-block-post post-36 post type-post status-publish format-standard has-post-thumbnail hentry category-entreprise\">\n\n<div class=\"wp-block-columns alignwide is-layout-flex wp-container-core-columns-is-layout-28f84493 wp-block-columns-is-layout-flex\">\n<div class=\"wp-block-column is-layout-flow wp-block-column-is-layout-flow\" style=\"flex-basis:66.66%\"><figure class=\"wp-block-post-featured-image\"><a href=\"https:\/\/operationlasertag.fr\/index.php\/2025\/11\/01\/can-curiosity-may-end-shameless-explained\/\" target=\"_self\"  ><img loading=\"lazy\" decoding=\"async\" width=\"828\" height=\"1068\" src=\"https:\/\/operationlasertag.fr\/wp-content\/uploads\/2026\/03\/WhatsApp-Image-2026-02-06-at-19.11.49-1.jpeg\" class=\"attachment-post-thumbnail size-post-thumbnail wp-post-image\" alt=\"Le Laser Tag s&rsquo;invite au Camping des Bleuets \u00e0 Pornic\" style=\"object-fit:cover;\" srcset=\"https:\/\/operationlasertag.fr\/wp-content\/uploads\/2026\/03\/WhatsApp-Image-2026-02-06-at-19.11.49-1.jpeg 828w, https:\/\/operationlasertag.fr\/wp-content\/uploads\/2026\/03\/WhatsApp-Image-2026-02-06-at-19.11.49-1-233x300.jpeg 233w, https:\/\/operationlasertag.fr\/wp-content\/uploads\/2026\/03\/WhatsApp-Image-2026-02-06-at-19.11.49-1-794x1024.jpeg 794w, https:\/\/operationlasertag.fr\/wp-content\/uploads\/2026\/03\/WhatsApp-Image-2026-02-06-at-19.11.49-1-768x991.jpeg 768w\" sizes=\"auto, (max-width: 828px) 100vw, 828px\" \/><\/a><\/figure><\/div>\n\n\n\n<div class=\"wp-block-column is-layout-flow wp-block-column-is-layout-flow\" style=\"flex-basis:33.33%\"><h2 class=\"wp-block-post-title\"><a href=\"https:\/\/operationlasertag.fr\/index.php\/2025\/11\/01\/can-curiosity-may-end-shameless-explained\/\" target=\"_self\" >Le Laser Tag s&rsquo;invite au Camping des Bleuets \u00e0 Pornic<\/a><\/h2>\n\n<div class=\"wp-block-post-excerpt\"><p class=\"wp-block-post-excerpt__excerpt\">Pendant la p\u00e9riode estivale, une fois par semaine, petits et grands se sont retrouv\u00e9s pour un affrontement sans merci. L\u2019\u00e9t\u00e9 dernier, le camping des Bleuets a vibr\u00e9 au rythme des parties de Laser Tag chaque semaine. Petits et grands campeurs ont eu l\u2019occasion de s\u2019affronter dans des missions pleines d\u2019action [&hellip;] <\/p><\/div><\/div>\n<\/div>\n\n<\/li><li class=\"wp-block-post post-35 post type-post status-publish format-standard has-post-thumbnail hentry category-asso\">\n\n<div class=\"wp-block-columns alignwide is-layout-flex wp-container-core-columns-is-layout-28f84493 wp-block-columns-is-layout-flex\">\n<div class=\"wp-block-column is-layout-flow wp-block-column-is-layout-flow\" style=\"flex-basis:66.66%\"><figure class=\"wp-block-post-featured-image\"><a href=\"https:\/\/operationlasertag.fr\/index.php\/2025\/11\/01\/fat-son-how-smiling-natural\/\" target=\"_self\"  ><img loading=\"lazy\" decoding=\"async\" width=\"2048\" height=\"1536\" src=\"https:\/\/operationlasertag.fr\/wp-content\/uploads\/2026\/03\/WhatsApp-Image-2026-02-06-at-19.11.49-2.jpeg\" class=\"attachment-post-thumbnail size-post-thumbnail wp-post-image\" alt=\"Un cadre idyllique pour l&rsquo;association Familles Rurales de Chauch\u00e9\" style=\"object-fit:cover;\" srcset=\"https:\/\/operationlasertag.fr\/wp-content\/uploads\/2026\/03\/WhatsApp-Image-2026-02-06-at-19.11.49-2.jpeg 2048w, https:\/\/operationlasertag.fr\/wp-content\/uploads\/2026\/03\/WhatsApp-Image-2026-02-06-at-19.11.49-2-300x225.jpeg 300w, https:\/\/operationlasertag.fr\/wp-content\/uploads\/2026\/03\/WhatsApp-Image-2026-02-06-at-19.11.49-2-1024x768.jpeg 1024w, https:\/\/operationlasertag.fr\/wp-content\/uploads\/2026\/03\/WhatsApp-Image-2026-02-06-at-19.11.49-2-768x576.jpeg 768w, https:\/\/operationlasertag.fr\/wp-content\/uploads\/2026\/03\/WhatsApp-Image-2026-02-06-at-19.11.49-2-1536x1152.jpeg 1536w\" sizes=\"auto, (max-width: 2048px) 100vw, 2048px\" \/><\/a><\/figure><\/div>\n\n\n\n<div class=\"wp-block-column is-layout-flow wp-block-column-is-layout-flow\" style=\"flex-basis:33.33%\"><h2 class=\"wp-block-post-title\"><a href=\"https:\/\/operationlasertag.fr\/index.php\/2025\/11\/01\/fat-son-how-smiling-natural\/\" target=\"_self\" >Un cadre idyllique pour l&rsquo;association Familles Rurales de Chauch\u00e9<\/a><\/h2>\n\n<div class=\"wp-block-post-excerpt\"><p class=\"wp-block-post-excerpt__excerpt\">Pendant les vacances d&rsquo;\u00e9t\u00e9, les enfants de la famille rurale de Chauch\u00e9 ont profit\u00e9 d\u2019un moment plein de rires et d\u2019aventures en jouant au laser tag dans un parc. Entre courses effr\u00e9n\u00e9es, strat\u00e9gies d\u2019\u00e9quipe et \u00e9clats de rire, ils ont pass\u00e9 un apr\u00e8s-midi m\u00e9morable, remplissant leur \u00e9t\u00e9 de souvenirs joyeux [&hellip;] <\/p><\/div><\/div>\n<\/div>\n\n<\/li><li class=\"wp-block-post post-34 post type-post status-publish format-standard has-post-thumbnail hentry category-insolite\">\n\n<div class=\"wp-block-columns alignwide is-layout-flex wp-container-core-columns-is-layout-28f84493 wp-block-columns-is-layout-flex\">\n<div class=\"wp-block-column is-layout-flow wp-block-column-is-layout-flow\" style=\"flex-basis:66.66%\"><figure class=\"wp-block-post-featured-image\"><a href=\"https:\/\/operationlasertag.fr\/index.php\/2025\/11\/01\/perfectly-on-furniture\/\" target=\"_self\"  ><img loading=\"lazy\" decoding=\"async\" width=\"828\" height=\"983\" src=\"https:\/\/operationlasertag.fr\/wp-content\/uploads\/2026\/03\/WhatsApp-Image-2026-02-06-at-19.11.49.jpeg\" class=\"attachment-post-thumbnail size-post-thumbnail wp-post-image\" alt=\"Centre de secours des Sables d&rsquo;Olonne\" style=\"object-fit:cover;\" srcset=\"https:\/\/operationlasertag.fr\/wp-content\/uploads\/2026\/03\/WhatsApp-Image-2026-02-06-at-19.11.49.jpeg 828w, https:\/\/operationlasertag.fr\/wp-content\/uploads\/2026\/03\/WhatsApp-Image-2026-02-06-at-19.11.49-253x300.jpeg 253w, https:\/\/operationlasertag.fr\/wp-content\/uploads\/2026\/03\/WhatsApp-Image-2026-02-06-at-19.11.49-768x912.jpeg 768w\" sizes=\"auto, (max-width: 828px) 100vw, 828px\" \/><\/a><\/figure><\/div>\n\n\n\n<div class=\"wp-block-column is-layout-flow wp-block-column-is-layout-flow\" style=\"flex-basis:33.33%\"><h2 class=\"wp-block-post-title\"><a href=\"https:\/\/operationlasertag.fr\/index.php\/2025\/11\/01\/perfectly-on-furniture\/\" target=\"_self\" >Centre de secours des Sables d&rsquo;Olonne<\/a><\/h2>\n\n<div class=\"wp-block-post-excerpt\"><p class=\"wp-block-post-excerpt__excerpt\">Le centre de secours f\u00eate lui aussi la fin d&rsquo;ann\u00e9e. Les pompiers pr\u00e9sents sur le site ont transform\u00e9 certaines parties de la caserne pour cr\u00e9er un v\u00e9ritable terrain de jeu immersif d\u00e9di\u00e9 aux parties de Laser Tag. Chaque recoin, chaque couloir a \u00e9t\u00e9 pens\u00e9 pour offrir des cachettes et des [&hellip;] <\/p><\/div><\/div>\n<\/div>\n\n<\/li><\/ul><\/div>\n","protected":false},"excerpt":{"rendered":"","protected":false},"author":1,"featured_media":0,"parent":0,"menu_order":0,"comment_status":"closed","ping_status":"closed","template":"","meta":{"footnotes":""},"class_list":["post-55","page","type-page","status-publish","hentry"],"_links":{"self":[{"href":"https:\/\/operationlasertag.fr\/index.php\/wp-json\/wp\/v2\/pages\/55","targetHints":{"allow":["GET"]}}],"collection":[{"href":"https:\/\/operationlasertag.fr\/index.php\/wp-json\/wp\/v2\/pages"}],"about":[{"href":"https:\/\/operationlasertag.fr\/index.php\/wp-json\/wp\/v2\/types\/page"}],"author":[{"embeddable":true,"href":"https:\/\/operationlasertag.fr\/index.php\/wp-json\/wp\/v2\/users\/1"}],"replies":[{"embeddable":true,"href":"https:\/\/operationlasertag.fr\/index.php\/wp-json\/wp\/v2\/comments?post=55"}],"version-history":[{"count":2,"href":"https:\/\/operationlasertag.fr\/index.php\/wp-json\/wp\/v2\/pages\/55\/revisions"}],"predecessor-version":[{"id":77,"href":"https:\/\/operationlasertag.fr\/index.php\/wp-json\/wp\/v2\/pages\/55\/revisions\/77"}],"wp:attachment":[{"href":"https:\/\/operationlasertag.fr\/index.php\/wp-json\/wp\/v2\/media?parent=55"}],"curies":[{"name":"wp","href":"https:\/\/api.w.org\/{rel}","templated":true}]}}