{"id":30,"date":"2025-11-01T14:36:11","date_gmt":"2025-11-01T14:36:11","guid":{"rendered":"http:\/\/operationlasertag.fr\/?page_id=30"},"modified":"2026-02-24T13:55:52","modified_gmt":"2026-02-24T13:55:52","slug":"home","status":"publish","type":"page","link":"https:\/\/operationlasertag.fr\/","title":{"rendered":"Accueil"},"content":{"rendered":"\n<div class=\"wp-block-cover alignfull is-light hestia-clear-top-padding\" style=\"min-height:100vh;aspect-ratio:unset;\"><span aria-hidden=\"true\" class=\"wp-block-cover__background has-white-background-color has-background-dim-100 has-background-dim\"><\/span><div class=\"wp-block-cover__inner-container is-layout-flow wp-block-cover-is-layout-flow\">\n<h2 class=\"wp-block-heading has-text-align-center has-text-color\" style=\"color:#3c4858\">Comment \u00e7a fonctionne ? <\/h2>\n\n\n\n<div style=\"height:40px\" aria-hidden=\"true\" class=\"wp-block-spacer\"><\/div>\n\n\n\n<div class=\"wp-block-columns container is-layout-flex wp-container-core-columns-is-layout-28f84493 wp-block-columns-is-layout-flex\">\n<div class=\"wp-block-column is-layout-flow wp-block-column-is-layout-flow\"><div class=\"wp-block-image\">\n<figure class=\"aligncenter size-full is-resized\"><img loading=\"lazy\" decoding=\"async\" width=\"512\" height=\"512\" src=\"http:\/\/operationlasertag.fr\/wp-content\/uploads\/2025\/11\/espace-reserve.png\" alt=\"\" class=\"wp-image-59\" style=\"width:66px;height:auto\" srcset=\"https:\/\/operationlasertag.fr\/wp-content\/uploads\/2025\/11\/espace-reserve.png 512w, https:\/\/operationlasertag.fr\/wp-content\/uploads\/2025\/11\/espace-reserve-300x300.png 300w, https:\/\/operationlasertag.fr\/wp-content\/uploads\/2025\/11\/espace-reserve-150x150.png 150w\" sizes=\"auto, (max-width: 512px) 100vw, 512px\" \/><\/figure>\n<\/div>\n\n\n<h5 class=\"wp-block-heading has-text-align-center has-text-color\" style=\"color:#3c4858;font-size:18px\">Choisis ton lieu<\/h5>\n\n\n\n<p class=\"has-text-align-center has-text-color\" style=\"color:#999999;font-size:14px\">Un parc, un jardin, une for\u00eat ou m\u00eame ton terrain priv\u00e9 ? Le Laser Tag s\u2019adapte \u00e0 ton environnement ! Pas d&rsquo;id\u00e9e ? On t&rsquo;accompagne pour trouver le terrain parfait.<\/p>\n\n\n\n<p class=\"has-text-align-center has-text-color\" style=\"color:#999999;font-size:14px\"><\/p>\n\n\n\n<div style=\"height:25px\" aria-hidden=\"true\" class=\"wp-block-spacer\"><\/div>\n<\/div>\n\n\n\n<div class=\"wp-block-column is-layout-flow wp-block-column-is-layout-flow\"><div class=\"wp-block-image\">\n<figure class=\"aligncenter size-full is-resized\"><img loading=\"lazy\" decoding=\"async\" width=\"512\" height=\"512\" src=\"http:\/\/operationlasertag.fr\/wp-content\/uploads\/2025\/11\/sabre-laser.png\" alt=\"\" class=\"wp-image-60\" style=\"width:66px;height:auto\" srcset=\"https:\/\/operationlasertag.fr\/wp-content\/uploads\/2025\/11\/sabre-laser.png 512w, https:\/\/operationlasertag.fr\/wp-content\/uploads\/2025\/11\/sabre-laser-300x300.png 300w, https:\/\/operationlasertag.fr\/wp-content\/uploads\/2025\/11\/sabre-laser-150x150.png 150w\" sizes=\"auto, (max-width: 512px) 100vw, 512px\" \/><\/figure>\n<\/div>\n\n\n<h5 class=\"wp-block-heading has-text-align-center has-text-color\" style=\"color:#3c4858;font-size:18px\">\u00c9quip\u00e9s et pr\u00eats \u00e0 jouer<\/h5>\n\n\n\n<p class=\"has-text-align-center has-text-color\" style=\"color:#999999;font-size:14px\">L\u00e9ger et pratique, chaque participant est \u00e9quip\u00e9 d&rsquo;un casque et d&rsquo;un pistolet. Gr\u00e2ce \u00e0 une box d\u00e9di\u00e9e et \u00e0 logiciel de suivi, on r\u00e9cup\u00e8re automatiquement les scores \u00e0 la fin de chaque partie.<\/p>\n\n\n\n<p class=\"has-text-align-center has-text-color\" style=\"color:#999999;font-size:14px\"><\/p>\n\n\n\n<div style=\"height:25px\" aria-hidden=\"true\" class=\"wp-block-spacer\"><\/div>\n<\/div>\n\n\n\n<div class=\"wp-block-column is-layout-flow wp-block-column-is-layout-flow\"><div class=\"wp-block-image\">\n<figure class=\"aligncenter size-full is-resized\"><img loading=\"lazy\" decoding=\"async\" width=\"512\" height=\"512\" src=\"http:\/\/operationlasertag.fr\/wp-content\/uploads\/2025\/11\/bouton-jouer.png\" alt=\"\" class=\"wp-image-61\" style=\"width:64px;height:auto\" srcset=\"https:\/\/operationlasertag.fr\/wp-content\/uploads\/2025\/11\/bouton-jouer.png 512w, https:\/\/operationlasertag.fr\/wp-content\/uploads\/2025\/11\/bouton-jouer-300x300.png 300w, https:\/\/operationlasertag.fr\/wp-content\/uploads\/2025\/11\/bouton-jouer-150x150.png 150w\" sizes=\"auto, (max-width: 512px) 100vw, 512px\" \/><\/figure>\n<\/div>\n\n\n<h5 class=\"wp-block-heading has-text-align-center has-text-color\" style=\"color:#3c4858;font-size:18px\">Profites et joues !<\/h5>\n\n\n\n<p class=\"has-text-align-center has-text-color\" style=\"color:#999999;font-size:14px\">Briefing, \u00e9quipes, sc\u00e9narios, <br>C\u2019est parti pour une session 100% fun et adr\u00e9naline !<\/p>\n\n\n\n<div style=\"height:25px\" aria-hidden=\"true\" class=\"wp-block-spacer\"><\/div>\n<\/div>\n<\/div>\n\n\n\n<div style=\"height:40px\" aria-hidden=\"true\" class=\"wp-block-spacer\"><\/div>\n<\/div><\/div>\n\n\n\n<div class=\"wp-block-columns container is-layout-flex wp-container-core-columns-is-layout-28f84493 wp-block-columns-is-layout-flex\">\n<div class=\"wp-block-column col-md-5 is-layout-flow wp-block-column-is-layout-flow\">\n<div style=\"height:55px\" aria-hidden=\"true\" class=\"wp-block-spacer\"><\/div>\n\n\n\n<h2 class=\"wp-block-heading\">Pour qui ? <\/h2>\n\n\n\n<p>Adultes comme enfants tout le monde peut jouer au laser, \u00e0 partir de 7\/8 ans ou mesurer 1.20m minimum.<\/p>\n<\/div>\n\n\n\n<div class=\"wp-block-column col-md-6 col-md-offset1 is-layout-flow wp-block-column-is-layout-flow\">\n<div style=\"height:55px\" aria-hidden=\"true\" class=\"wp-block-spacer\"><\/div>\n\n\n\n<p><\/p>\n<\/div>\n<\/div>\n","protected":false},"excerpt":{"rendered":"<p>Pour qui ? Adultes comme enfants tout le monde peut jouer au laser, \u00e0 partir de 7\/8 ans ou mesurer 1.20m minimum.<\/p>\n","protected":false},"author":1,"featured_media":64,"parent":0,"menu_order":0,"comment_status":"closed","ping_status":"closed","template":"","meta":{"footnotes":""},"class_list":["post-30","page","type-page","status-publish","has-post-thumbnail","hentry"],"_links":{"self":[{"href":"https:\/\/operationlasertag.fr\/index.php\/wp-json\/wp\/v2\/pages\/30","targetHints":{"allow":["GET"]}}],"collection":[{"href":"https:\/\/operationlasertag.fr\/index.php\/wp-json\/wp\/v2\/pages"}],"about":[{"href":"https:\/\/operationlasertag.fr\/index.php\/wp-json\/wp\/v2\/types\/page"}],"author":[{"embeddable":true,"href":"https:\/\/operationlasertag.fr\/index.php\/wp-json\/wp\/v2\/users\/1"}],"replies":[{"embeddable":true,"href":"https:\/\/operationlasertag.fr\/index.php\/wp-json\/wp\/v2\/comments?post=30"}],"version-history":[{"count":12,"href":"https:\/\/operationlasertag.fr\/index.php\/wp-json\/wp\/v2\/pages\/30\/revisions"}],"predecessor-version":[{"id":173,"href":"https:\/\/operationlasertag.fr\/index.php\/wp-json\/wp\/v2\/pages\/30\/revisions\/173"}],"wp:featuredmedia":[{"embeddable":true,"href":"https:\/\/operationlasertag.fr\/index.php\/wp-json\/wp\/v2\/media\/64"}],"wp:attachment":[{"href":"https:\/\/operationlasertag.fr\/index.php\/wp-json\/wp\/v2\/media?parent=30"}],"curies":[{"name":"wp","href":"https:\/\/api.w.org\/{rel}","templated":true}]}}